{"id":488,"date":"2025-10-31T16:12:57","date_gmt":"2025-10-31T16:12:57","guid":{"rendered":"https:\/\/plantas-medicinales.com.co\/?page_id=488"},"modified":"2025-12-04T16:03:51","modified_gmt":"2025-12-04T16:03:51","slug":"investigaciones","status":"publish","type":"page","link":"https:\/\/plantas-medicinales.com.co\/?page_id=488","title":{"rendered":"Investigaciones"},"content":{"rendered":"\t\t<div data-elementor-type=\"wp-page\" data-elementor-id=\"488\" class=\"elementor elementor-488\" data-elementor-post-type=\"page\">\n\t\t\t\t<div class=\"elementor-element elementor-element-d651d75 e-con-full e-flex e-con e-parent\" data-id=\"d651d75\" data-element_type=\"container\" data-settings=\"{&quot;background_background&quot;:&quot;gradient&quot;}\">\n\t\t<div class=\"elementor-element elementor-element-667bfaa0 e-flex e-con-boxed e-con e-child\" data-id=\"667bfaa0\" data-element_type=\"container\" data-settings=\"{&quot;background_background&quot;:&quot;classic&quot;}\">\n\t\t\t\t\t<div class=\"e-con-inner\">\n\t\t\t\t<div class=\"elementor-element elementor-element-565a93c elementor-widget elementor-widget-heading\" data-id=\"565a93c\" data-element_type=\"widget\" data-widget_type=\"heading.default\">\n\t\t\t\t\t<h2 class=\"elementor-heading-title elementor-size-default\">Investigaci\u00f3n y control natural de par\u00e1sitos<\/h2>\t\t\t\t<\/div>\n\t\t\t\t<div class=\"elementor-element elementor-element-ea9c44 elementor-widget elementor-widget-heading\" data-id=\"ea9c44\" data-element_type=\"widget\" data-widget_type=\"heading.default\">\n\t\t\t\t\t<h6 class=\"elementor-heading-title elementor-size-default\">Exploramos c\u00f3mo los par\u00e1sitos afectan el equilibrio del cuerpo y desarrollamos tratamientos herbales respaldados por investigaci\u00f3n cient\u00edfica y saberes ancestrales. Nuestros protocolos naturales ayudan a limpiar, restaurar y fortalecer los sistemas internos para una salud integral.<\/h6>\t\t\t\t<\/div>\n\t\t\t\t<div class=\"elementor-element elementor-element-5248ed8 elementor-widget elementor-widget-rkit-post-grid-post\" data-id=\"5248ed8\" data-element_type=\"widget\" data-widget_type=\"rkit-post-grid-post.default\">\n\t\t\t\t<div class=\"elementor-widget-container\">\n\t\t\t\t\t        <div class=\"rkit-post-grid\">\r\n                            <div class=\"rkit-post-grid-card  elementor-animation-\">\r\n                                            <div class=\"rkit-image-container\">\r\n                                                        <a class=\"rkit-image-link\" style=\"overflow: hidden;\" href=\"https:\/\/plantas-medicinales.com.co\/?p=501\">\r\n                                <img fetchpriority=\"high\" decoding=\"async\" width=\"768\" height=\"432\" src=\"https:\/\/plantas-medicinales.com.co\/wp-content\/uploads\/2025\/10\/WhatsApp-Image-2025-10-21-at-4.02.25-PM.jpeg\" class=\"rkit-post-grid-img wp-post-image\" alt=\"\" srcset=\"https:\/\/plantas-medicinales.com.co\/wp-content\/uploads\/2025\/10\/WhatsApp-Image-2025-10-21-at-4.02.25-PM.jpeg 768w, https:\/\/plantas-medicinales.com.co\/wp-content\/uploads\/2025\/10\/WhatsApp-Image-2025-10-21-at-4.02.25-PM-300x169.jpeg 300w\" sizes=\"(max-width: 768px) 100vw, 768px\" \/>                            <\/a>\r\n                                                            <div class=\"rkit-float-metawrapper-date\">\r\n                                    <span><strong>31<\/strong>Oct<\/span>\r\n                                <\/div>\r\n                                                    <\/div>\r\n                                        <div class=\"rkit-post-grid-body \">\r\n                                                                            <div class=\"rkit-post-grid-title-container\">\r\n                                <a class=\"rkit-post-grid-title\" href=\"https:\/\/plantas-medicinales.com.co\/?p=501\">Gusano ocular<\/a>\r\n                            <\/div>\r\n                                                                                                    <div class=\"rkit-post-grid-content\">\r\n                                <p class=\"rkit-post-grid-paragraph\">El gusano ocular que antes solo se hab\u00eda visto en el ganado. Y los expertos afirman que estas larvas&hellip;                                <\/p>\r\n                            <\/div>\r\n                                                                                                    <div class=\"rkit-readmore-div\">\r\n                                <a class=\"rkit-readmore-btn\" type=\"button\" href=\"https:\/\/plantas-medicinales.com.co\/?p=501\">\r\n                                                                        Leer m\u00e1s                                                                    <\/a>\r\n                            <\/div>\r\n                                            <\/div>\r\n                <\/div>\r\n                <div class=\"rkit-post-grid-card  elementor-animation-\">\r\n                                            <div class=\"rkit-image-container\">\r\n                                                        <a class=\"rkit-image-link\" style=\"overflow: hidden;\" href=\"https:\/\/plantas-medicinales.com.co\/?p=498\">\r\n                                <img decoding=\"async\" width=\"768\" height=\"523\" src=\"https:\/\/plantas-medicinales.com.co\/wp-content\/uploads\/2025\/10\/WhatsApp-Image-2025-10-21-at-4.01.05-PM.jpeg\" class=\"rkit-post-grid-img wp-post-image\" alt=\"\" srcset=\"https:\/\/plantas-medicinales.com.co\/wp-content\/uploads\/2025\/10\/WhatsApp-Image-2025-10-21-at-4.01.05-PM.jpeg 768w, https:\/\/plantas-medicinales.com.co\/wp-content\/uploads\/2025\/10\/WhatsApp-Image-2025-10-21-at-4.01.05-PM-300x204.jpeg 300w\" sizes=\"(max-width: 768px) 100vw, 768px\" \/>                            <\/a>\r\n                                                            <div class=\"rkit-float-metawrapper-date\">\r\n                                    <span><strong>31<\/strong>Oct<\/span>\r\n                                <\/div>\r\n                                                    <\/div>\r\n                                        <div class=\"rkit-post-grid-body \">\r\n                                                                            <div class=\"rkit-post-grid-title-container\">\r\n                                <a class=\"rkit-post-grid-title\" href=\"https:\/\/plantas-medicinales.com.co\/?p=498\">Cestodo<\/a>\r\n                            <\/div>\r\n                                                                                                    <div class=\"rkit-post-grid-content\">\r\n                                <p class=\"rkit-post-grid-paragraph\">Las larvas de tenia pueden infectar m\u00fasculos y tejidos blandos. El tejido cerebral puede proporcionar un hogar para las&hellip;                                <\/p>\r\n                            <\/div>\r\n                                                                                                    <div class=\"rkit-readmore-div\">\r\n                                <a class=\"rkit-readmore-btn\" type=\"button\" href=\"https:\/\/plantas-medicinales.com.co\/?p=498\">\r\n                                                                        Leer m\u00e1s                                                                    <\/a>\r\n                            <\/div>\r\n                                            <\/div>\r\n                <\/div>\r\n                <div class=\"rkit-post-grid-card  elementor-animation-\">\r\n                                            <div class=\"rkit-image-container\">\r\n                                                        <a class=\"rkit-image-link\" style=\"overflow: hidden;\" href=\"https:\/\/plantas-medicinales.com.co\/?p=493\">\r\n                                <img decoding=\"async\" width=\"980\" height=\"528\" src=\"https:\/\/plantas-medicinales.com.co\/wp-content\/uploads\/2025\/10\/WhatsApp-Image-2025-10-21-at-12.07.18-PM.jpeg\" class=\"rkit-post-grid-img wp-post-image\" alt=\"\" srcset=\"https:\/\/plantas-medicinales.com.co\/wp-content\/uploads\/2025\/10\/WhatsApp-Image-2025-10-21-at-12.07.18-PM.jpeg 980w, https:\/\/plantas-medicinales.com.co\/wp-content\/uploads\/2025\/10\/WhatsApp-Image-2025-10-21-at-12.07.18-PM-300x162.jpeg 300w, https:\/\/plantas-medicinales.com.co\/wp-content\/uploads\/2025\/10\/WhatsApp-Image-2025-10-21-at-12.07.18-PM-768x414.jpeg 768w\" sizes=\"(max-width: 980px) 100vw, 980px\" \/>                            <\/a>\r\n                                                            <div class=\"rkit-float-metawrapper-date\">\r\n                                    <span><strong>31<\/strong>Oct<\/span>\r\n                                <\/div>\r\n                                                    <\/div>\r\n                                        <div class=\"rkit-post-grid-body \">\r\n                                                                            <div class=\"rkit-post-grid-title-container\">\r\n                                <a class=\"rkit-post-grid-title\" href=\"https:\/\/plantas-medicinales.com.co\/?p=493\">Tricoc\u00e9falos<\/a>\r\n                            <\/div>\r\n                                                                                                    <div class=\"rkit-post-grid-content\">\r\n                                <p class=\"rkit-post-grid-paragraph\">Los tricoc\u00e9falos pueden producir apendicitis parasitarias. El tricoc\u00e9falo produce ulceraciones en la mucosa apendicular, inflamaci\u00f3n y a veces hemorragia.&hellip;                                <\/p>\r\n                            <\/div>\r\n                                                                                                    <div class=\"rkit-readmore-div\">\r\n                                <a class=\"rkit-readmore-btn\" type=\"button\" href=\"https:\/\/plantas-medicinales.com.co\/?p=493\">\r\n                                                                        Leer m\u00e1s                                                                    <\/a>\r\n                            <\/div>\r\n                                            <\/div>\r\n                <\/div>\r\n        <\/div>\r\n        \t\t\t\t<\/div>\n\t\t\t\t<\/div>\n\t\t\t\t\t<\/div>\n\t\t\t\t<\/div>\n\t\t\t\t<\/div>\n\t\t\t\t<\/div>\n\t\t","protected":false},"excerpt":{"rendered":"<p>Investigaci\u00f3n y control natural de par\u00e1sitos Exploramos c\u00f3mo los par\u00e1sitos afectan el equilibrio del cuerpo y desarrollamos tratamientos herbales respaldados [&hellip;]<\/p>\n","protected":false},"author":1,"featured_media":0,"parent":0,"menu_order":0,"comment_status":"closed","ping_status":"closed","template":"","meta":{"site-sidebar-layout":"no-sidebar","site-content-layout":"","ast-site-content-layout":"full-width-container","site-content-style":"default","site-sidebar-style":"default","ast-global-header-display":"","ast-banner-title-visibility":"","ast-main-header-display":"","ast-hfb-above-header-display":"","ast-hfb-below-header-display":"","ast-hfb-mobile-header-display":"","site-post-title":"disabled","ast-breadcrumbs-content":"","ast-featured-img":"disabled","footer-sml-layout":"","theme-transparent-header-meta":"default","adv-header-id-meta":"","stick-header-meta":"","header-above-stick-meta":"","header-main-stick-meta":"","header-below-stick-meta":"","astra-migrate-meta-layouts":"set","ast-page-background-enabled":"default","ast-page-background-meta":{"desktop":{"background-color":"var(--ast-global-color-5)","background-image":"","background-repeat":"repeat","background-position":"center center","background-size":"auto","background-attachment":"scroll","background-type":"","background-media":"","overlay-type":"","overlay-color":"","overlay-opacity":"","overlay-gradient":""},"tablet":{"background-color":"","background-image":"","background-repeat":"repeat","background-position":"center center","background-size":"auto","background-attachment":"scroll","background-type":"","background-media":"","overlay-type":"","overlay-color":"","overlay-opacity":"","overlay-gradient":""},"mobile":{"background-color":"","background-image":"","background-repeat":"repeat","background-position":"center center","background-size":"auto","background-attachment":"scroll","background-type":"","background-media":"","overlay-type":"","overlay-color":"","overlay-opacity":"","overlay-gradient":""}},"ast-content-background-meta":{"desktop":{"background-color":"var(--ast-global-color-4)","background-image":"","background-repeat":"repeat","background-position":"center center","background-size":"auto","background-attachment":"scroll","background-type":"","background-media":"","overlay-type":"","overlay-color":"","overlay-opacity":"","overlay-gradient":""},"tablet":{"background-color":"var(--ast-global-color-4)","background-image":"","background-repeat":"repeat","background-position":"center center","background-size":"auto","background-attachment":"scroll","background-type":"","background-media":"","overlay-type":"","overlay-color":"","overlay-opacity":"","overlay-gradient":""},"mobile":{"background-color":"var(--ast-global-color-4)","background-image":"","background-repeat":"repeat","background-position":"center center","background-size":"auto","background-attachment":"scroll","background-type":"","background-media":"","overlay-type":"","overlay-color":"","overlay-opacity":"","overlay-gradient":""}},"_joinchat":[],"footnotes":""},"class_list":["post-488","page","type-page","status-publish","hentry"],"_links":{"self":[{"href":"https:\/\/plantas-medicinales.com.co\/index.php?rest_route=\/wp\/v2\/pages\/488","targetHints":{"allow":["GET"]}}],"collection":[{"href":"https:\/\/plantas-medicinales.com.co\/index.php?rest_route=\/wp\/v2\/pages"}],"about":[{"href":"https:\/\/plantas-medicinales.com.co\/index.php?rest_route=\/wp\/v2\/types\/page"}],"author":[{"embeddable":true,"href":"https:\/\/plantas-medicinales.com.co\/index.php?rest_route=\/wp\/v2\/users\/1"}],"replies":[{"embeddable":true,"href":"https:\/\/plantas-medicinales.com.co\/index.php?rest_route=%2Fwp%2Fv2%2Fcomments&post=488"}],"version-history":[{"count":35,"href":"https:\/\/plantas-medicinales.com.co\/index.php?rest_route=\/wp\/v2\/pages\/488\/revisions"}],"predecessor-version":[{"id":954,"href":"https:\/\/plantas-medicinales.com.co\/index.php?rest_route=\/wp\/v2\/pages\/488\/revisions\/954"}],"wp:attachment":[{"href":"https:\/\/plantas-medicinales.com.co\/index.php?rest_route=%2Fwp%2Fv2%2Fmedia&parent=488"}],"curies":[{"name":"wp","href":"https:\/\/api.w.org\/{rel}","templated":true}]}}